{"id":1983,"date":"2025-07-14T12:35:12","date_gmt":"2025-07-14T12:35:12","guid":{"rendered":"https:\/\/al-anon.pt\/?page_id=1983"},"modified":"2025-07-14T12:39:52","modified_gmt":"2025-07-14T12:39:52","slug":"a-nossa-historia","status":"publish","type":"page","link":"https:\/\/al-anon.pt\/en\/a-nossa-historia\/","title":{"rendered":"A NOSSA HIST\u00d3RIA"},"content":{"rendered":"<div data-elementor-type=\"wp-page\" data-elementor-id=\"1983\" class=\"elementor elementor-1983\" data-elementor-settings=\"{&quot;ha_cmc_init_switcher&quot;:&quot;no&quot;}\" data-elementor-post-type=\"page\">\n\t\t\t\t<div class=\"elementor-element elementor-element-220b6b9 e-flex e-con-boxed e-con e-parent\" data-id=\"220b6b9\" data-element_type=\"container\" data-settings=\"{&quot;_ha_eqh_enable&quot;:false}\">\n\t\t\t\t\t<div class=\"e-con-inner\">\n\t\t\t\t<div class=\"elementor-element elementor-element-7ddaab3 elementor-widget elementor-widget-text-editor\" data-id=\"7ddaab3\" data-element_type=\"widget\" data-widget_type=\"text-editor.default\">\n\t\t\t\t<div class=\"elementor-widget-container\">\n\t\t\t\t\t\t\t\t\t<p><strong>A Nossa Hist\u00f3ria<\/strong><\/p>\t\t\t\t\t\t\t\t<\/div>\n\t\t\t\t<\/div>\n\t\t\t\t<div class=\"elementor-element elementor-element-022404b elementor-widget elementor-widget-text-editor\" data-id=\"022404b\" data-element_type=\"widget\" data-widget_type=\"text-editor.default\">\n\t\t\t\t<div class=\"elementor-widget-container\">\n\t\t\t\t\t\t\t\t\t<p style=\"font-weight: 400;\"><span style=\"font-weight: 400;\">Por ocasi\u00e3o da realiza\u00e7\u00e3o da II Conven\u00e7\u00e3o Nacional em 2014 que teve o prop\u00f3sito de comemorar os 30 anos de exist\u00eancia dos Grupos Familiares Al-Anon em Portugal foi contada a sua hist\u00f3ria no nosso Pa\u00eds bem como algumas refer\u00eancias ao seu in\u00edcio nos EUA.\u00a0<\/span><\/p><p style=\"font-weight: 400;\"><span style=\"font-weight: 400;\">A Organiza\u00e7\u00e3o Mundial de Sa\u00fade reconheceu em 1967 o alcoolismo como uma doen\u00e7a mas, a sociedade em geral desconhece e desvaloriza o impacte que o alcoolismo provoca no contexto familiar.<\/span><\/p><p style=\"font-weight: 400;\"><span style=\"font-weight: 400;\">Foi este particular impacte que Lois W. intuiu em finais de 1935 quando atirou com um sapato ao seu marido Bill W. cofundador de Alco\u00f3licos An\u00f3nimos\u2026.Gritando \u201c raios partam as suas reuni\u00f5es\u201d. Foi esta atitude inesperada \u00e0 assiduidade de Bill W. \u00e0s suas reuni\u00f5es de recupera\u00e7\u00e3o que levou Lois W. a reconhecer a necessidade da sua pr\u00f3pria recupera\u00e7\u00e3o.<\/span><\/p><p style=\"font-weight: 400;\"><span style=\"font-weight: 400;\">Entre 1935 e 1941 em muitos locais dos Estados Unidos, pelo empenho e trabalho incans\u00e1vel de Lois W. e Anne S. foram crescendo os grupos, na \u00e9poca constitu\u00eddos essencialmente por esposas, que procuravam centrar-se na sua pr\u00f3pria recupera\u00e7\u00e3o atrav\u00e9s dos 12 Passos de Alco\u00f3licos An\u00f3nimos.<\/span><\/p><p style=\"font-weight: 400;\"><span style=\"font-weight: 400;\">Perante o imenso n\u00famero de grupos existentes foi em 1954 constitu\u00edda a associa\u00e7\u00e3o sem fins lucrativos denominada Grupos Familiares Al-Anon e, a partir dessa altura a expans\u00e3o para o resto do mundo. O Al-Anon chegou a Portugal no j\u00e1 long\u00ednquo ano de 1984 atrav\u00e9s de uma m\u00e9dica que conheceu os grupos de autoajuda Al-Anon, entendeu a sua import\u00e2ncia para os familiares de alco\u00f3licos e dinamizou a abertura do primeiro Grupo Al-Anon em Lisboa.<\/span><\/p><p style=\"font-weight: 400;\"><span style=\"font-weight: 400;\">Tal como consta do ponto 1 da primeira ata do balan\u00e7o da atividade do Grupo realizada em 25 de novembro de 1987 pelas 18h30m, sob o t\u00edtulo \u2013 HIST\u00d3RIA \u00e9 referido:<\/span><\/p><p style=\"font-weight: 400;\"><i><span style=\"font-weight: 400;\">\u201cO Grupo re\u00fane com regularidade h\u00e1 cerca de 24 meses tendo a sua 1\u00aa reuni\u00e3o de que h\u00e1 registo sido realizada no dia 12 de novembro de 1984 \u00e9 prov\u00e1vel, no entanto, que antes daquela data se tenham efetuadas algumas reuni\u00f5es.<\/span><\/i><\/p><p style=\"font-weight: 400;\"><i><span style=\"font-weight: 400;\">O Grupo come\u00e7ou a funcionar com 3 pessoas havendo por vezes reuni\u00f5es com apenas 2 pessoas.<\/span><\/i><\/p><p style=\"font-weight: 400;\"><i><span style=\"font-weight: 400;\">Em julho de 1985, tendo o Grupo mais assist\u00eancia, foram distribu\u00eddas tarefas pelos membros com maior antiguidade e regularidade, passou assim a haver um secret\u00e1rio, um tesoureiro e 2 coordenadores. Aos 2 primeiros coordenadores juntaram-se mais tarde outros 2.<\/span><\/i><\/p><p style=\"font-weight: 400;\"><i><span style=\"font-weight: 400;\">Em abril de 1986 fez-se o registo do Grupo, que tomou o nome de Grupo do Corpo Santo, no WSO\/ESM\u2014 Escrit\u00f3rio de Servi\u00e7os Mundiais dos Grupos Familiares Al-Anon tendo ent\u00e3o o Grupo 10 membros, isto \u00e9, 10 pessoas que participavam regularmente nas reuni\u00f5es.<\/span><\/i><\/p><p style=\"font-weight: 400;\"><i><span style=\"font-weight: 400;\">Em agosto de 1986 aumentou consideravelmente, nos meses anteriores a frequ\u00eancia das reuni\u00f5es, que em regra, passaram a ter a presen\u00e7a de 15 a 16 pessoas.<\/span><\/i><\/p><p style=\"font-weight: 400;\"><i><span style=\"font-weight: 400;\">\u00a0Depois das f\u00e9rias de ver\u00e3o de 1986 o n\u00famero de presen\u00e7as continuou a aumentar e, hoje 25 de novembro de 1986 podemos dizer que o Grupo j\u00e1 tem uns 18 membros, andando a frequ\u00eancia das reuni\u00f5es pelas 20 pessoas.\u201d<\/span><\/i><\/p><p style=\"font-weight: 400;\"><span style=\"font-weight: 400;\">A grande maioria dos atuais membros n\u00e3o conheceu esses veteranos nem, muitos outros membros que se recuperaram com perseveran\u00e7a e, com generosidade serviram a comunidade Al-Anon dando incondicionalmente o que de gra\u00e7a receberam. A todos eles devemos gratid\u00e3o, igualmente incondicional.\u00a0<\/span><\/p><p style=\"font-weight: 400;\"><span style=\"font-weight: 400;\">Bill W. cofundador de Alco\u00f3licos An\u00f3nimos na palestra que proferiu em 1961 na I Conferencia de Servi\u00e7os Mundiais de Al-Anon. Disse<\/span><i><span style=\"font-weight: 400;\"> \u201dCom grande rapidez e bons resultados, voc\u00eas est\u00e3o a come\u00e7ar a preencher aquele terr\u00edvel vazio que existia h\u00e1 muito tempo e que afetou a metade dos nossos membros no seu relacionamento familiar. Claro, que o relacionamento familiar \u00e9 o mais dif\u00edcil porque foi o mais atingido\u201d.<\/span><\/i><span style=\"font-weight: 400;\">\u00a0<\/span><\/p><p style=\"font-weight: 400;\"><span style=\"font-weight: 400;\">Dia ap\u00f3s dia ano ap\u00f3s ano muitos membros continuam a sua jornada de Esperan\u00e7a e Recupera\u00e7\u00e3o na partilha de tristezas, medos, des\u00e2nimos, alegrias, sonhos, \u00eaxitos e muito amor, compreens\u00e3o e crescimento pessoal.\u00a0<\/span><\/p><p style=\"font-weight: 400;\"><span style=\"font-weight: 400;\">Centenas de pessoas passam pelos Grupos Familiares Al-Anon e, a comunidade necessita continuar a crescer, porque h\u00e1 pessoas a sofrer e precisamos dar a conhecer o nosso programa. Por isso, com imensa sabedoria Lois W. disse: -\u201dQualquer pessoa pode come\u00e7ar algo mas s\u00e3o precisas muitas para continuar\u201d.\u00a0<\/span><\/p><p style=\"font-weight: 400;\"><span style=\"font-weight: 400;\">Como Associa\u00e7\u00e3o sem fins lucrativos foram aprovados pelo Estado Portugu\u00eas em 12 de junho de 2001 os estatutos da Associa\u00e7\u00e3o de Servi\u00e7os Gerais dos Grupos Familiares Al-Anon de Portugal, e seus anexos\u201412 Passos,12 Tradi\u00e7\u00f5es e os 12 Conceitos . Neste dia realizamos, anualmente, um evento denominado CASA ABERTA em que todos os membros podem vir conhecer o ESG \u2013 escrit\u00f3rio de servi\u00e7os gerais.<\/span><\/p><p style=\"font-weight: 400;\">Como comunidade celebramos o dia <b>12 de novembro <\/b>como o Dia Nacional dos Grupos Familiares Al-Anon de Portugal por ser o dia em que se realizou, em 1984, a primeira reuni\u00e3o de autoajuda.<\/p>\t\t\t\t\t\t\t\t<\/div>\n\t\t\t\t<\/div>\n\t\t\t\t\t<\/div>\n\t\t\t\t<\/div>\n\t\t\t\t<\/div>","protected":false},"excerpt":{"rendered":"<p>A Nossa Hist\u00f3ria Por ocasi\u00e3o da realiza\u00e7\u00e3o da II Conven\u00e7\u00e3o Nacional em 2014 que teve o prop\u00f3sito de comemorar os 30 anos de exist\u00eancia dos Grupos Familiares Al-Anon em Portugal foi contada a sua hist\u00f3ria no nosso Pa\u00eds bem como algumas refer\u00eancias ao seu in\u00edcio nos EUA.\u00a0 A Organiza\u00e7\u00e3o Mundial de Sa\u00fade reconheceu em 1967 [&hellip;]<\/p>","protected":false},"author":1,"featured_media":0,"parent":0,"menu_order":0,"comment_status":"closed","ping_status":"closed","template":"","meta":{"_joinchat":[],"footnotes":""},"class_list":["post-1983","page","type-page","status-publish","hentry"],"_links":{"self":[{"href":"https:\/\/al-anon.pt\/en\/wp-json\/wp\/v2\/pages\/1983","targetHints":{"allow":["GET"]}}],"collection":[{"href":"https:\/\/al-anon.pt\/en\/wp-json\/wp\/v2\/pages"}],"about":[{"href":"https:\/\/al-anon.pt\/en\/wp-json\/wp\/v2\/types\/page"}],"author":[{"embeddable":true,"href":"https:\/\/al-anon.pt\/en\/wp-json\/wp\/v2\/users\/1"}],"replies":[{"embeddable":true,"href":"https:\/\/al-anon.pt\/en\/wp-json\/wp\/v2\/comments?post=1983"}],"version-history":[{"count":4,"href":"https:\/\/al-anon.pt\/en\/wp-json\/wp\/v2\/pages\/1983\/revisions"}],"predecessor-version":[{"id":1987,"href":"https:\/\/al-anon.pt\/en\/wp-json\/wp\/v2\/pages\/1983\/revisions\/1987"}],"wp:attachment":[{"href":"https:\/\/al-anon.pt\/en\/wp-json\/wp\/v2\/media?parent=1983"}],"curies":[{"name":"wp","href":"https:\/\/api.w.org\/{rel}","templated":true}]}}