{"id":570,"date":"2024-07-16T03:46:08","date_gmt":"2024-07-16T03:46:08","guid":{"rendered":"https:\/\/al-anon.pt\/?page_id=570"},"modified":"2024-07-16T21:56:59","modified_gmt":"2024-07-16T21:56:59","slug":"alateen","status":"publish","type":"page","link":"https:\/\/al-anon.pt\/en\/alateen\/","title":{"rendered":"Alateen"},"content":{"rendered":"<div data-elementor-type=\"wp-page\" data-elementor-id=\"570\" class=\"elementor elementor-570\" data-elementor-settings=\"{&quot;ha_cmc_init_switcher&quot;:&quot;no&quot;}\" data-elementor-post-type=\"page\">\n\t\t\t\t<div class=\"elementor-element elementor-element-53f0f5f e-flex e-con-boxed e-con e-parent\" data-id=\"53f0f5f\" data-element_type=\"container\" data-settings=\"{&quot;background_background&quot;:&quot;classic&quot;,&quot;_ha_eqh_enable&quot;:false}\">\n\t\t\t\t\t<div class=\"e-con-inner\">\n\t\t\t\t<div class=\"elementor-element elementor-element-a9b3eea elementor-widget__width-initial elementor-widget elementor-widget-text-editor\" data-id=\"a9b3eea\" data-element_type=\"widget\" data-widget_type=\"text-editor.default\">\n\t\t\t\t<div class=\"elementor-widget-container\">\n\t\t\t\t\t\t\t\t\t<p><b>Alateen<\/b><\/p>\t\t\t\t\t\t\t\t<\/div>\n\t\t\t\t<\/div>\n\t\t\t\t<div class=\"elementor-element elementor-element-b737de9 elementor-mobile-align-center elementor-widget elementor-widget-button\" data-id=\"b737de9\" data-element_type=\"widget\" data-widget_type=\"button.default\">\n\t\t\t\t<div class=\"elementor-widget-container\">\n\t\t\t\t\t\t\t\t\t<div class=\"elementor-button-wrapper\">\n\t\t\t\t\t<a class=\"elementor-button elementor-button-link elementor-size-sm\" href=\"#saiba-mais-alateen\">\n\t\t\t\t\t\t<span class=\"elementor-button-content-wrapper\">\n\t\t\t\t\t\t\t\t\t<span class=\"elementor-button-text\">Know More<\/span>\n\t\t\t\t\t<\/span>\n\t\t\t\t\t<\/a>\n\t\t\t\t<\/div>\n\t\t\t\t\t\t\t\t<\/div>\n\t\t\t\t<\/div>\n\t\t\t\t\t<\/div>\n\t\t\t\t<\/div>\n\t\t<div class=\"elementor-element elementor-element-d4be287 e-flex e-con-boxed e-con e-parent\" data-id=\"d4be287\" data-element_type=\"container\" id=\"saiba-mais-alateen\" data-settings=\"{&quot;_ha_eqh_enable&quot;:false}\">\n\t\t\t\t\t<div class=\"e-con-inner\">\n\t\t\t\t<div class=\"elementor-element elementor-element-933ea74 elementor-widget elementor-widget-text-editor\" data-id=\"933ea74\" data-element_type=\"widget\" data-widget_type=\"text-editor.default\">\n\t\t\t\t<div class=\"elementor-widget-container\">\n\t\t\t\t\t\t\t\t\t<p><b>The Alateen is:<\/b><\/p><ol><li>Part of Al-Anon<\/li><li>For teens affected by someone else's alcoholism<\/li><\/ol><p><br \/><b>Alateen is NOT:<\/b><\/p><ol><li>A program for teens seeking sobriety<\/li><\/ol><p>\u00a0<\/p><p><strong>What is Alateen?<\/strong><br \/>It is a community of young Al-Anon members, usually teenagers between the ages of 12 and 18, whose lives have been affected by someone else's drinking.<\/p><p><strong>What is the purpose of Alateen Groups?<\/strong><br \/>\u201cEach Alateen Group has but one purpose: to help other teenage relatives of alcoholics. We do this by working the Twelve Steps of AA ourselves, and by encouraging and understanding other members of our own families.\u201d<\/p><p>5th Alateen Tradition<\/p><p>Each Alateen Group operates under the condition of having an Alateen godmother\/godfather, responsible for the Alateen Group.<\/p><p><strong>Alateen Godfathers and Godmothers:<\/strong><br \/>Alateen Sponsors are responsible adult members of Al-Anon who share their experience of living with someone who has the disease of alcoholism, their strength gained through using our 12-step program, their knowledge of the 12 Traditions, and their hope for the future.<\/p><p><strong>The 12 Traditions of Alateen<\/strong><\/p><ol><li>Our common welfare must come first; the personal progress of the greatest number of members depends on unity.<\/li><li>For our group purpose there is only one authority\u2014a loving God who can manifest Himself in our group conscience. Our leaders are only trusted servants; they do not govern.<\/li><li>The only requirement for membership is that there be an alcohol problem in a relative or friend. Teenage relatives of alcoholics, when they come together to help one another, may call themselves an Alateen group, provided that as a group they have no other affiliations.<\/li><li>Each group should be autonomous except in matters affecting other Al-Anon or Alateen Family Groups or AA as a whole.<\/li><li>Each Alateen Group has but one purpose: to help other teenage relatives of alcoholics. We do this by working the Twelve Steps of AA ourselves, and by encouraging and understanding our own family members.<\/li><li>Alateen Groups should never endorse, finance, or lend our name to any outside enterprise, lest problems of money, property, and prestige divert us from our primary spiritual purpose. Although a separate entity, we should always cooperate with Alcoholics Anonymous.<\/li><li>Each Group must be completely self-sufficient, refusing contributions from outside.<\/li><li>The work of the Twelfth Step of Alateen must always remain non-professional, but our service centers may employ specialized personnel.<\/li><li>Our groups, as such, should never be organized, but we may create service boards or committees, directly responsible to those they serve.<\/li><li>Alateen Groups do not opine on outside issues, therefore our name should never be involved in public controversy.<\/li><li>Our public relations policy is based on attraction, not promotion; we must always maintain personal anonymity in print, radio, television, and film. We must protect with the utmost care the anonymity of all Al-Anon and AA members.<\/li><li>Anonymity is the spiritual foundation of all our Traditions, always reminding us to hold principles above personalities.<\/li><\/ol>\t\t\t\t\t\t\t\t<\/div>\n\t\t\t\t<\/div>\n\t\t\t\t\t<\/div>\n\t\t\t\t<\/div>\n\t\t<div class=\"elementor-element elementor-element-56cf469 e-flex e-con-boxed e-con e-parent\" data-id=\"56cf469\" data-element_type=\"container\" data-settings=\"{&quot;_ha_eqh_enable&quot;:false}\">\n\t\t\t\t\t<div class=\"e-con-inner\">\n\t\t<div class=\"elementor-element elementor-element-b9bc4a0 e-con-full e-flex e-con e-child\" data-id=\"b9bc4a0\" data-element_type=\"container\" data-settings=\"{&quot;background_background&quot;:&quot;classic&quot;,&quot;_ha_eqh_enable&quot;:false}\">\n\t\t<div class=\"elementor-element elementor-element-fc04ec2 e-con-full e-flex e-con e-child\" data-id=\"fc04ec2\" data-element_type=\"container\" data-settings=\"{&quot;_ha_eqh_enable&quot;:false}\">\n\t\t\t\t<div class=\"elementor-element elementor-element-c7c8cb0 elementor-widget elementor-widget-heading\" data-id=\"c7c8cb0\" data-element_type=\"widget\" data-widget_type=\"heading.default\">\n\t\t\t\t<div class=\"elementor-widget-container\">\n\t\t\t\t\t<h2 class=\"elementor-heading-title elementor-size-default\">Together we can achieve what we cannot do alone.<\/h2>\t\t\t\t<\/div>\n\t\t\t\t<\/div>\n\t\t\t\t<div class=\"elementor-element elementor-element-3c46c60 elementor-widget elementor-widget-text-editor\" data-id=\"3c46c60\" data-element_type=\"widget\" data-widget_type=\"text-editor.default\">\n\t\t\t\t<div class=\"elementor-widget-container\">\n\t\t\t\t\t\t\t\t\t<p><strong>Our <span style=\"color: #0091cf;\">Al-Anon Family Groups <\/span><\/strong><strong>can <span style=\"color: #0091cf;\">help you<\/span><\/strong><\/p>\t\t\t\t\t\t\t\t<\/div>\n\t\t\t\t<\/div>\n\t\t\t\t<div class=\"elementor-element elementor-element-1cfeebc elementor-widget-divider--view-line elementor-widget elementor-widget-divider\" data-id=\"1cfeebc\" data-element_type=\"widget\" data-widget_type=\"divider.default\">\n\t\t\t\t<div class=\"elementor-widget-container\">\n\t\t\t\t\t\t\t<div class=\"elementor-divider\">\n\t\t\t<span class=\"elementor-divider-separator\">\n\t\t\t\t\t\t<\/span>\n\t\t<\/div>\n\t\t\t\t\t\t<\/div>\n\t\t\t\t<\/div>\n\t\t\t\t<\/div>\n\t\t<div class=\"elementor-element elementor-element-f06fa1a e-con-full e-flex e-con e-child\" data-id=\"f06fa1a\" data-element_type=\"container\" data-settings=\"{&quot;_ha_eqh_enable&quot;:false}\">\n\t\t\t\t<div class=\"elementor-element elementor-element-1930c9e elementor-mobile-align-center elementor-align-right elementor-widget elementor-widget-button\" data-id=\"1930c9e\" data-element_type=\"widget\" data-widget_type=\"button.default\">\n\t\t\t\t<div class=\"elementor-widget-container\">\n\t\t\t\t\t\t\t\t\t<div class=\"elementor-button-wrapper\">\n\t\t\t\t\t<a class=\"elementor-button elementor-button-link elementor-size-sm\" href=\"https:\/\/al-anon.pt\/en\/quem-somos\/\">\n\t\t\t\t\t\t<span class=\"elementor-button-content-wrapper\">\n\t\t\t\t\t\t<span class=\"elementor-button-icon\">\n\t\t\t\t<svg aria-hidden=\"true\" class=\"e-font-icon-svg e-fas-envelope\" viewbox=\"0 0 512 512\" xmlns=\"http:\/\/www.w3.org\/2000\/svg\"><path d=\"M502.3 190.8c3.9-3.1 9.7-.2 9.7 4.7V400c0 26.5-21.5 48-48 48H48c-26.5 0-48-21.5-48-48V195.6c0-5 5.7-7.8 9.7-4.7 22.4 17.4 52.1 39.5 154.1 113.6 21.1 15.4 56.7 47.8 92.2 47.6 35.7.3 72-32.8 92.3-47.6 102-74.1 131.6-96.3 154-113.7zM256 320c23.2.4 56.6-29.2 73.4-41.4 132.7-96.3 142.8-104.7 173.4-128.7 5.8-4.5 9.2-11.5 9.2-18.9v-19c0-26.5-21.5-48-48-48H48C21.5 64 0 85.5 0 112v19c0 7.4 3.4 14.3 9.2 18.9 30.6 23.9 40.7 32.4 173.4 128.7 16.8 12.2 50.2 41.8 73.4 41.4z\"><\/path><\/svg>\t\t\t<\/span>\n\t\t\t\t\t\t\t\t\t<span class=\"elementor-button-text\">Contact us<\/span>\n\t\t\t\t\t<\/span>\n\t\t\t\t\t<\/a>\n\t\t\t\t<\/div>\n\t\t\t\t\t\t\t\t<\/div>\n\t\t\t\t<\/div>\n\t\t\t\t<\/div>\n\t\t\t\t<\/div>\n\t\t\t\t\t<\/div>\n\t\t\t\t<\/div>\n\t\t<div class=\"elementor-element elementor-element-2c05d07 e-flex e-con-boxed e-con e-parent\" data-id=\"2c05d07\" data-element_type=\"container\" data-settings=\"{&quot;background_background&quot;:&quot;classic&quot;,&quot;_ha_eqh_enable&quot;:false}\">\n\t\t\t\t\t<div class=\"e-con-inner\">\n\t\t<div class=\"elementor-element elementor-element-faae114 e-con-full e-flex e-con e-child\" data-id=\"faae114\" data-element_type=\"container\" data-settings=\"{&quot;_ha_eqh_enable&quot;:false}\">\n\t\t\t\t<div class=\"elementor-element elementor-element-067b73a elementor-widget elementor-widget-counter\" data-id=\"067b73a\" data-element_type=\"widget\" data-widget_type=\"counter.default\">\n\t\t\t\t<div class=\"elementor-widget-container\">\n\t\t\t\t\t\t\t<div class=\"elementor-counter\">\n\t\t\t\t\t\t<div class=\"elementor-counter-number-wrapper\">\n\t\t\t\t<span class=\"elementor-counter-number-prefix\"><\/span>\n\t\t\t\t<span class=\"elementor-counter-number\" data-duration=\"2000\" data-to-value=\"24\" data-from-value=\"0\" data-delimiter=\",\">0<\/span>\n\t\t\t\t<span class=\"elementor-counter-number-suffix\">K<\/span>\n\t\t\t<\/div>\n\t\t<\/div>\n\t\t\t\t\t\t<\/div>\n\t\t\t\t<\/div>\n\t\t\t\t<div class=\"elementor-element elementor-element-a55b6ab elementor-widget-divider--view-line elementor-widget elementor-widget-divider\" data-id=\"a55b6ab\" data-element_type=\"widget\" data-widget_type=\"divider.default\">\n\t\t\t\t<div class=\"elementor-widget-container\">\n\t\t\t\t\t\t\t<div class=\"elementor-divider\">\n\t\t\t<span class=\"elementor-divider-separator\">\n\t\t\t\t\t\t<\/span>\n\t\t<\/div>\n\t\t\t\t\t\t<\/div>\n\t\t\t\t<\/div>\n\t\t\t\t<div class=\"elementor-element elementor-element-c2dc20c elementor-widget elementor-widget-heading\" data-id=\"c2dc20c\" data-element_type=\"widget\" data-widget_type=\"heading.default\">\n\t\t\t\t<div class=\"elementor-widget-container\">\n\t\t\t\t\t<h2 class=\"elementor-heading-title elementor-size-default\">Al-Anon Groups<\/h2>\t\t\t\t<\/div>\n\t\t\t\t<\/div>\n\t\t\t\t<\/div>\n\t\t<div class=\"elementor-element elementor-element-ff63833 e-con-full e-flex e-con e-child\" data-id=\"ff63833\" data-element_type=\"container\" data-settings=\"{&quot;_ha_eqh_enable&quot;:false}\">\n\t\t\t\t<div class=\"elementor-element elementor-element-ac599b2 elementor-widget elementor-widget-counter\" data-id=\"ac599b2\" data-element_type=\"widget\" data-widget_type=\"counter.default\">\n\t\t\t\t<div class=\"elementor-widget-container\">\n\t\t\t\t\t\t\t<div class=\"elementor-counter\">\n\t\t\t\t\t\t<div class=\"elementor-counter-number-wrapper\">\n\t\t\t\t<span class=\"elementor-counter-number-prefix\"><\/span>\n\t\t\t\t<span class=\"elementor-counter-number\" data-duration=\"2000\" data-to-value=\"1800\" data-from-value=\"0\" data-delimiter=\".\">0<\/span>\n\t\t\t\t<span class=\"elementor-counter-number-suffix\"><\/span>\n\t\t\t<\/div>\n\t\t<\/div>\n\t\t\t\t\t\t<\/div>\n\t\t\t\t<\/div>\n\t\t\t\t<div class=\"elementor-element elementor-element-f38c774 elementor-widget-divider--view-line elementor-widget elementor-widget-divider\" data-id=\"f38c774\" data-element_type=\"widget\" data-widget_type=\"divider.default\">\n\t\t\t\t<div class=\"elementor-widget-container\">\n\t\t\t\t\t\t\t<div class=\"elementor-divider\">\n\t\t\t<span class=\"elementor-divider-separator\">\n\t\t\t\t\t\t<\/span>\n\t\t<\/div>\n\t\t\t\t\t\t<\/div>\n\t\t\t\t<\/div>\n\t\t\t\t<div class=\"elementor-element elementor-element-0f9c80a elementor-widget elementor-widget-heading\" data-id=\"0f9c80a\" data-element_type=\"widget\" data-widget_type=\"heading.default\">\n\t\t\t\t<div class=\"elementor-widget-container\">\n\t\t\t\t\t<h2 class=\"elementor-heading-title elementor-size-default\">Alateen Groups<\/h2>\t\t\t\t<\/div>\n\t\t\t\t<\/div>\n\t\t\t\t<\/div>\n\t\t<div class=\"elementor-element elementor-element-b027269 e-con-full e-flex e-con e-child\" data-id=\"b027269\" data-element_type=\"container\" data-settings=\"{&quot;_ha_eqh_enable&quot;:false}\">\n\t\t\t\t<div class=\"elementor-element elementor-element-20a6c33 elementor-widget elementor-widget-counter\" data-id=\"20a6c33\" data-element_type=\"widget\" data-widget_type=\"counter.default\">\n\t\t\t\t<div class=\"elementor-widget-container\">\n\t\t\t\t\t\t\t<div class=\"elementor-counter\">\n\t\t\t\t\t\t<div class=\"elementor-counter-number-wrapper\">\n\t\t\t\t<span class=\"elementor-counter-number-prefix\"><\/span>\n\t\t\t\t<span class=\"elementor-counter-number\" data-duration=\"2000\" data-to-value=\"131\" data-from-value=\"0\" data-delimiter=\",\">0<\/span>\n\t\t\t\t<span class=\"elementor-counter-number-suffix\"><\/span>\n\t\t\t<\/div>\n\t\t<\/div>\n\t\t\t\t\t\t<\/div>\n\t\t\t\t<\/div>\n\t\t\t\t<div class=\"elementor-element elementor-element-43fa9ba elementor-widget-divider--view-line elementor-widget elementor-widget-divider\" data-id=\"43fa9ba\" data-element_type=\"widget\" data-widget_type=\"divider.default\">\n\t\t\t\t<div class=\"elementor-widget-container\">\n\t\t\t\t\t\t\t<div class=\"elementor-divider\">\n\t\t\t<span class=\"elementor-divider-separator\">\n\t\t\t\t\t\t<\/span>\n\t\t<\/div>\n\t\t\t\t\t\t<\/div>\n\t\t\t\t<\/div>\n\t\t\t\t<div class=\"elementor-element elementor-element-d542ff6 elementor-widget elementor-widget-heading\" data-id=\"d542ff6\" data-element_type=\"widget\" data-widget_type=\"heading.default\">\n\t\t\t\t<div class=\"elementor-widget-container\">\n\t\t\t\t\t<h2 class=\"elementor-heading-title elementor-size-default\">Countries<\/h2>\t\t\t\t<\/div>\n\t\t\t\t<\/div>\n\t\t\t\t<\/div>\n\t\t\t\t\t<\/div>\n\t\t\t\t<\/div>\n\t\t\t\t<\/div>","protected":false},"excerpt":{"rendered":"<p>Alateen Saiba mais O Alateen \u00c9: Parte do Al-Anon Para adolescentes afetados pelo alcoolismo de outra pessoa O Alateen N\u00c3O \u00c9: Um programa para adolescentes em busca de sobriedade \u00a0 O que \u00e9 o Alateen?\u00c9 uma comunidade de membros jovens de Al-Anon, geralmente adolescentes entre 12 e 18 anos, aproximadamente, cuja vida foi afectada pela [&hellip;]<\/p>","protected":false},"author":1,"featured_media":0,"parent":0,"menu_order":0,"comment_status":"closed","ping_status":"closed","template":"","meta":{"_joinchat":[],"footnotes":""},"class_list":["post-570","page","type-page","status-publish","hentry"],"_links":{"self":[{"href":"https:\/\/al-anon.pt\/en\/wp-json\/wp\/v2\/pages\/570","targetHints":{"allow":["GET"]}}],"collection":[{"href":"https:\/\/al-anon.pt\/en\/wp-json\/wp\/v2\/pages"}],"about":[{"href":"https:\/\/al-anon.pt\/en\/wp-json\/wp\/v2\/types\/page"}],"author":[{"embeddable":true,"href":"https:\/\/al-anon.pt\/en\/wp-json\/wp\/v2\/users\/1"}],"replies":[{"embeddable":true,"href":"https:\/\/al-anon.pt\/en\/wp-json\/wp\/v2\/comments?post=570"}],"version-history":[{"count":19,"href":"https:\/\/al-anon.pt\/en\/wp-json\/wp\/v2\/pages\/570\/revisions"}],"predecessor-version":[{"id":807,"href":"https:\/\/al-anon.pt\/en\/wp-json\/wp\/v2\/pages\/570\/revisions\/807"}],"wp:attachment":[{"href":"https:\/\/al-anon.pt\/en\/wp-json\/wp\/v2\/media?parent=570"}],"curies":[{"name":"wp","href":"https:\/\/api.w.org\/{rel}","templated":true}]}}